{"id":1960,"date":"2016-09-29T18:57:50","date_gmt":"2016-09-29T18:57:50","guid":{"rendered":"http:\/\/canada.dev.afssite.afs.org\/?page_id=1960"},"modified":"2016-10-02T22:05:15","modified_gmt":"2016-10-02T22:05:15","slug":"volunteer-inquiry-form","status":"publish","type":"page","link":"https:\/\/dev.afscanada.org\/en\/volunteer\/volunteer-inquiry-form\/","title":{"rendered":"Volunteer Inquiry form"},"content":{"rendered":"<script type=\"text\/javascript\">\n\/* <![CDATA[ *\/\n\n\/\/----------------------------------------------------------\n\/\/------ JAVASCRIPT HOOK FUNCTIONS FOR GRAVITY FORMS -------\n\/\/----------------------------------------------------------\n\nif ( ! gform ) {\n\tdocument.addEventListener( 'gform_main_scripts_loaded', function() { gform.scriptsLoaded = true; } );\n\tdocument.addEventListener( 'gform\/theme\/scripts_loaded', function() { gform.themeScriptsLoaded = true; } );\n\twindow.addEventListener( 'DOMContentLoaded', function() { gform.domLoaded = true; } );\n\n\tvar gform = {\n\t\tdomLoaded: false,\n\t\tscriptsLoaded: false,\n\t\tthemeScriptsLoaded: false,\n\t\tisFormEditor: () => typeof InitializeEditor === 'function',\n\n\t\t\/**\n\t\t * @deprecated 2.9 the use of initializeOnLoaded in the form editor context is deprecated.\n\t\t * @remove-in 4.0 this function will not check for gform.isFormEditor().\n\t\t *\/\n\t\tcallIfLoaded: function ( fn ) {\n\t\t\tif ( gform.domLoaded && gform.scriptsLoaded && ( gform.themeScriptsLoaded || gform.isFormEditor() ) ) {\n\t\t\t\tif ( gform.isFormEditor() ) {\n\t\t\t\t\tconsole.warn( 'The use of gform.initializeOnLoaded() is deprecated in the form editor context and will be removed in Gravity Forms 3.1.' );\n\t\t\t\t}\n\t\t\t\tfn();\n\t\t\t\treturn true;\n\t\t\t}\n\t\t\treturn false;\n\t\t},\n\n\t\t\/**\n\t\t * Call a function when all scripts are loaded\n\t\t *\n\t\t * @param function fn the callback function to call when all scripts are loaded\n\t\t *\n\t\t * @returns void\n\t\t *\/\n\t\tinitializeOnLoaded: function( fn ) {\n\t\t\tif ( ! gform.callIfLoaded( fn ) ) {\n\t\t\t\tdocument.addEventListener( 'gform_main_scripts_loaded', () => { gform.scriptsLoaded = true; gform.callIfLoaded( fn ); } );\n\t\t\t\tdocument.addEventListener( 'gform\/theme\/scripts_loaded', () => { gform.themeScriptsLoaded = true; gform.callIfLoaded( fn ); } );\n\t\t\t\twindow.addEventListener( 'DOMContentLoaded', () => { gform.domLoaded = true; gform.callIfLoaded( fn ); } );\n\t\t\t}\n\t\t},\n\n\t\thooks: { action: {}, filter: {} },\n\t\taddAction: function( action, callable, priority, tag ) {\n\t\t\tgform.addHook( 'action', action, callable, priority, tag );\n\t\t},\n\t\taddFilter: function( action, callable, priority, tag ) {\n\t\t\tgform.addHook( 'filter', action, callable, priority, tag );\n\t\t},\n\t\tdoAction: function( action ) {\n\t\t\tgform.doHook( 'action', action, arguments );\n\t\t},\n\t\tapplyFilters: function( action ) {\n\t\t\treturn gform.doHook( 'filter', action, arguments );\n\t\t},\n\t\tremoveAction: function( action, tag ) {\n\t\t\tgform.removeHook( 'action', action, tag );\n\t\t},\n\t\tremoveFilter: function( action, priority, tag ) {\n\t\t\tgform.removeHook( 'filter', action, priority, tag );\n\t\t},\n\t\taddHook: function( hookType, action, callable, priority, tag ) {\n\t\t\tif ( undefined == gform.hooks[hookType][action] ) {\n\t\t\t\tgform.hooks[hookType][action] = [];\n\t\t\t}\n\t\t\tvar hooks = gform.hooks[hookType][action];\n\t\t\tif ( undefined == tag ) {\n\t\t\t\ttag = action + '_' + hooks.length;\n\t\t\t}\n\t\t\tif( priority == undefined ){\n\t\t\t\tpriority = 10;\n\t\t\t}\n\n\t\t\tgform.hooks[hookType][action].push( { tag:tag, callable:callable, priority:priority } );\n\t\t},\n\t\tdoHook: function( hookType, action, args ) {\n\n\t\t\t\/\/ splice args from object into array and remove first index which is the hook name\n\t\t\targs = Array.prototype.slice.call(args, 1);\n\n\t\t\tif ( undefined != gform.hooks[hookType][action] ) {\n\t\t\t\tvar hooks = gform.hooks[hookType][action], hook;\n\t\t\t\t\/\/sort by priority\n\t\t\t\thooks.sort(function(a,b){return a[\"priority\"]-b[\"priority\"]});\n\n\t\t\t\thooks.forEach( function( hookItem ) {\n\t\t\t\t\thook = hookItem.callable;\n\n\t\t\t\t\tif(typeof hook != 'function')\n\t\t\t\t\t\thook = window[hook];\n\t\t\t\t\tif ( 'action' == hookType ) {\n\t\t\t\t\t\thook.apply(null, args);\n\t\t\t\t\t} else {\n\t\t\t\t\t\targs[0] = hook.apply(null, args);\n\t\t\t\t\t}\n\t\t\t\t} );\n\t\t\t}\n\t\t\tif ( 'filter'==hookType ) {\n\t\t\t\treturn args[0];\n\t\t\t}\n\t\t},\n\t\tremoveHook: function( hookType, action, priority, tag ) {\n\t\t\tif ( undefined != gform.hooks[hookType][action] ) {\n\t\t\t\tvar hooks = gform.hooks[hookType][action];\n\t\t\t\thooks = hooks.filter( function(hook, index, arr) {\n\t\t\t\t\tvar removeHook = (undefined==tag||tag==hook.tag) && (undefined==priority||priority==hook.priority);\n\t\t\t\t\treturn !removeHook;\n\t\t\t\t} );\n\t\t\t\tgform.hooks[hookType][action] = hooks;\n\t\t\t}\n\t\t}\n\t};\n}\n\n\/* ]]> *\/\n<\/script>\n\n                <div class='gf_browser_gecko gform_wrapper gform_legacy_markup_wrapper gform-theme--no-framework' data-form-theme='legacy' data-form-index='0' id='gform_wrapper_5' >\n                        <div class='gform_heading'>\n                            <h3 class=\"gform_title\">B\u00e9n\u00e9volat \/ Volunteering<\/h3>\n                            <p class='gform_description'><\/p>\n                        <\/div><form method='post' enctype='multipart\/form-data'  id='gform_5'  action='\/en\/wp-json\/wp\/v2\/pages\/1960' data-formid='5' novalidate>\n                        <div class='gform-body gform_body'><ul id='gform_fields_5' class='gform_fields top_label form_sublabel_below description_below validation_below'><li id=\"field_5_8\" class=\"gfield gfield--type-honeypot gform_validation_container field_sublabel_below gfield--has-description field_description_below field_validation_below gfield_visibility_visible\"  ><label class='gfield_label gform-field-label' for='input_5_8'>URL<\/label><div class='ginput_container'><input name='input_8' id='input_5_8' type='text' value='' autocomplete='new-password'\/><\/div><div class='gfield_description' id='gfield_description_5_8'>This field is for validation purposes and should be left unchanged.<\/div><\/li><li id=\"field_5_2\" class=\"gfield gfield--type-text gfield_contains_required field_sublabel_below gfield--no-description field_description_below field_validation_below gfield_visibility_visible\"  ><label class='gfield_label gform-field-label' for='input_5_2'>Nom \/ Name<span class=\"gfield_required\"><span class=\"gfield_required gfield_required_asterisk\">*<\/span><\/span><\/label><div class='ginput_container ginput_container_text'><input name='input_2' id='input_5_2' type='text' value='' class='medium'     aria-required=\"true\" aria-invalid=\"false\"   \/><\/div><\/li><li id=\"field_5_3\" class=\"gfield gfield--type-email gfield_contains_required field_sublabel_below gfield--no-description field_description_below field_validation_below gfield_visibility_visible gf-email form-control-icon\"  data-field-class=\"gf-email form-control-icon\" ><label class='gfield_label gform-field-label' for='input_5_3'>Courriel \/ Email<span class=\"gfield_required\"><span class=\"gfield_required gfield_required_asterisk\">*<\/span><\/span><\/label><div class='ginput_container ginput_container_email'>\n                            <input name='input_3' id='input_5_3' type='email' value='' class='medium'    aria-required=\"true\" aria-invalid=\"false\"  \/>\n                        <\/div><\/li><li id=\"field_5_4\" class=\"gfield gfield--type-address field_sublabel_below gfield--no-description field_description_below field_validation_below gfield_visibility_visible gf-address form-control-icon-complex\"  data-field-class=\"gf-address form-control-icon-complex\" ><label class='gfield_label gform-field-label gfield_label_before_complex' >Adresse \/ Address<\/label>    \n                    <div class='ginput_complex ginput_container has_city has_state ginput_container_address gform-grid-row' id='input_5_4' >\n                        <span class='ginput_left address_city ginput_address_city gform-grid-col' id='input_5_4_3_container' >\n                                    <input type='text' name='input_4.3' id='input_5_4_3' value=''    aria-required='false'    \/>\n                                    <label for='input_5_4_3' id='input_5_4_3_label' class='gform-field-label gform-field-label--type-sub '>Ville \/ City<\/label>\n                                 <\/span><span class='ginput_right address_state ginput_address_state gform-grid-col' id='input_5_4_4_container' >\n                                        <select name='input_4.4' id='input_5_4_4'     aria-required='false'    ><option value='' selected='selected'><\/option><option value='Alberta' >Alberta<\/option><option value='British Columbia' >British Columbia<\/option><option value='Manitoba' >Manitoba<\/option><option value='New Brunswick' >New Brunswick<\/option><option value='Newfoundland and Labrador' >Newfoundland and Labrador<\/option><option value='Northwest Territories' >Northwest Territories<\/option><option value='Nova Scotia' >Nova Scotia<\/option><option value='Nunavut' >Nunavut<\/option><option value='Ontario' >Ontario<\/option><option value='Prince Edward Island' >Prince Edward Island<\/option><option value='Quebec' >Quebec<\/option><option value='Saskatchewan' >Saskatchewan<\/option><option value='Yukon' >Yukon<\/option><\/select>\n                                        <label for='input_5_4_4' id='input_5_4_4_label' class='gform-field-label gform-field-label--type-sub '>Province<\/label>\n                                      <\/span><input type='hidden' class='gform_hidden' name='input_4.6' id='input_5_4_6' value='Canada' \/>\n                    <div class='gf_clear gf_clear_complex'><\/div>\n                <\/div><\/li><li id=\"field_5_5\" class=\"gfield gfield--type-textarea field_sublabel_below gfield--no-description field_description_below field_validation_below gfield_visibility_visible gf-textarea\"  data-field-class=\"gf-textarea\" ><label class='gfield_label gform-field-label' for='input_5_5'>Comment avez-vous entendu parler de AFS? \/ How did you hear about AFS?<\/label><div class='ginput_container ginput_container_textarea'><textarea name='input_5' id='input_5_5' class='textarea medium'      aria-invalid=\"false\"   rows='10' cols='50'><\/textarea><\/div><\/li><li id=\"field_5_6\" class=\"gfield gfield--type-textarea field_sublabel_below gfield--no-description field_description_below field_validation_below gfield_visibility_visible gf-textarea\"  data-field-class=\"gf-textarea\" ><label class='gfield_label gform-field-label' for='input_5_6'>Pourquoi voulez-vous faire du b\u00e9n\u00e9volat pour AFS ?  \/ Why do you want to become volunteer for AFS?<\/label><div class='ginput_container ginput_container_textarea'><textarea name='input_6' id='input_5_6' class='textarea medium'      aria-invalid=\"false\"   rows='10' cols='50'><\/textarea><\/div><\/li><li id=\"field_5_7\" class=\"gfield gfield--type-text field_sublabel_below gfield--no-description field_description_below field_validation_below gfield_visibility_visible\"  ><label class='gfield_label gform-field-label' for='input_5_7'>Num\u00e9ro de t\u00e9l\u00e9phone \/ Telephone Number<\/label><div class='ginput_container ginput_container_text'><input name='input_7' id='input_5_7' type='text' value='' class='medium'      aria-invalid=\"false\"   \/><\/div><\/li><\/ul><\/div>\n        <div class='gform-footer gform_footer top_label'> <input type='submit' id='gform_submit_button_5' class='gform_button button' onclick='gform.submission.handleButtonClick(this);' data-submission-type='submit' value='Soumettre \/ Submit'  \/> \n            <input type='hidden' class='gform_hidden' name='gform_submission_method' data-js='gform_submission_method_5' value='postback' \/>\n            <input type='hidden' class='gform_hidden' name='gform_theme' data-js='gform_theme_5' id='gform_theme_5' value='legacy' \/>\n            <input type='hidden' class='gform_hidden' name='gform_style_settings' data-js='gform_style_settings_5' id='gform_style_settings_5' value='[]' \/>\n            <input type='hidden' class='gform_hidden' name='is_submit_5' value='1' \/>\n            <input type='hidden' class='gform_hidden' name='gform_submit' value='5' \/>\n            \n            <input type='hidden' class='gform_hidden' name='gform_currency' data-currency='CAD' value='kJmzql7WIyJywnRbr9v49wJIuy1ck1H1bb6V5iVJ\/WeNRoiDSBNw9bbaj87XtlTCYHxet\/V6ULzp\/PXcuyYwiGYx+Jvdoyor6XozZEcEQcypo4o=' \/>\n            <input type='hidden' class='gform_hidden' name='gform_unique_id' value='' \/>\n            <input type='hidden' class='gform_hidden' name='state_5' value='WyJbXSIsIjRmOWQ1OWY1NTJhYzU0ZTdlMGY5ZGJlODVjYWY2MDJiIl0=' \/>\n            <input type='hidden' autocomplete='off' class='gform_hidden' name='gform_target_page_number_5' id='gform_target_page_number_5' value='0' \/>\n            <input type='hidden' autocomplete='off' class='gform_hidden' name='gform_source_page_number_5' id='gform_source_page_number_5' value='1' \/>\n            <input type='hidden' name='gform_field_values' value='' \/>\n            \n        <\/div>\n                        <\/form>\n                        <\/div><script type=\"text\/javascript\">\n\/* <![CDATA[ *\/\n gform.initializeOnLoaded( function() {gformInitSpinner( 5, 'https:\/\/dev.afscanada.org\/wp-content\/themes\/core\/img\/gravity-forms\/spinner.svg', true );jQuery('#gform_ajax_frame_5').on('load',function(){var contents = jQuery(this).contents().find('*').html();var is_postback = contents.indexOf('GF_AJAX_POSTBACK') >= 0;if(!is_postback){return;}var form_content = jQuery(this).contents().find('#gform_wrapper_5');var is_confirmation = jQuery(this).contents().find('#gform_confirmation_wrapper_5').length > 0;var is_redirect = contents.indexOf('gformRedirect(){') >= 0;var is_form = form_content.length > 0 && ! is_redirect && ! is_confirmation;var mt = parseInt(jQuery('html').css('margin-top'), 10) + parseInt(jQuery('body').css('margin-top'), 10) + 100;if(is_form){jQuery('#gform_wrapper_5').html(form_content.html());if(form_content.hasClass('gform_validation_error')){jQuery('#gform_wrapper_5').addClass('gform_validation_error');} else {jQuery('#gform_wrapper_5').removeClass('gform_validation_error');}setTimeout( function() { \/* delay the scroll by 50 milliseconds to fix a bug in chrome *\/  }, 50 );if(window['gformInitDatepicker']) {gformInitDatepicker();}if(window['gformInitPriceFields']) {gformInitPriceFields();}var current_page = jQuery('#gform_source_page_number_5').val();gformInitSpinner( 5, 'https:\/\/dev.afscanada.org\/wp-content\/themes\/core\/img\/gravity-forms\/spinner.svg', true );jQuery(document).trigger('gform_page_loaded', [5, current_page]);window['gf_submitting_5'] = false;}else if(!is_redirect){var confirmation_content = jQuery(this).contents().find('.GF_AJAX_POSTBACK').html();if(!confirmation_content){confirmation_content = contents;}jQuery('#gform_wrapper_5').replaceWith(confirmation_content);jQuery(document).trigger('gform_confirmation_loaded', [5]);window['gf_submitting_5'] = false;wp.a11y.speak(jQuery('#gform_confirmation_message_5').text());}else{jQuery('#gform_5').append(contents);if(window['gformRedirect']) {gformRedirect();}}jQuery(document).trigger(\"gform_pre_post_render\", [{ formId: \"5\", currentPage: \"current_page\", abort: function() { this.preventDefault(); } }]);        if (event && event.defaultPrevented) {                return;        }        const gformWrapperDiv = document.getElementById( \"gform_wrapper_5\" );        if ( gformWrapperDiv ) {            const visibilitySpan = document.createElement( \"span\" );            visibilitySpan.id = \"gform_visibility_test_5\";            gformWrapperDiv.insertAdjacentElement( \"afterend\", visibilitySpan );        }        const visibilityTestDiv = document.getElementById( \"gform_visibility_test_5\" );        let postRenderFired = false;        function triggerPostRender() {            if ( postRenderFired ) {                return;            }            postRenderFired = true;            gform.core.triggerPostRenderEvents( 5, current_page );            if ( visibilityTestDiv ) {                visibilityTestDiv.parentNode.removeChild( visibilityTestDiv );            }        }        function debounce( func, wait, immediate ) {            var timeout;            return function() {                var context = this, args = arguments;                var later = function() {                    timeout = null;                    if ( !immediate ) func.apply( context, args );                };                var callNow = immediate && !timeout;                clearTimeout( timeout );                timeout = setTimeout( later, wait );                if ( callNow ) func.apply( context, args );            };        }        const debouncedTriggerPostRender = debounce( function() {            triggerPostRender();        }, 200 );        if ( visibilityTestDiv && visibilityTestDiv.offsetParent === null ) {            const observer = new MutationObserver( ( mutations ) => {                mutations.forEach( ( mutation ) => {                    if ( mutation.type === 'attributes' && visibilityTestDiv.offsetParent !== null ) {                        debouncedTriggerPostRender();                        observer.disconnect();                    }                });            });            observer.observe( document.body, {                attributes: true,                childList: false,                subtree: true,                attributeFilter: [ 'style', 'class' ],            });        } else {            triggerPostRender();        }    } );} ); \n\/* ]]> *\/\n<\/script>\n\n<h1>or<\/h1>\n<p><iframe loading=\"lazy\" src=\"https:\/\/dev.afsglobal.org\/AFSGlobal\/OnlineInquiry\/default.aspx?type=3&amp;country=&amp;language=en-US\" width=\"880\" height=\"1200px\" frameborder=\"0\"><\/iframe><\/p>\n","protected":false},"excerpt":{"rendered":"<p>or<\/p>\n","protected":false},"author":13,"featured_media":0,"parent":187,"menu_order":0,"comment_status":"closed","ping_status":"closed","template":"","meta":{"content-type":"","footnotes":""},"class_list":["post-1960","page","type-page","status-publish","hentry"],"yoast_head":"<!-- This site is optimized with the Yoast SEO plugin v26.6 - https:\/\/yoast.com\/wordpress\/plugins\/seo\/ -->\n<title>Volunteer Inquiry form - AFS Canada<\/title>\n<meta name=\"robots\" content=\"noindex, follow, max-snippet:-1, max-image-preview:large, max-video-preview:-1\" \/>\n<meta property=\"og:locale\" content=\"en_US\" \/>\n<meta property=\"og:type\" content=\"article\" \/>\n<meta property=\"og:title\" content=\"Volunteer Inquiry form - AFS Canada\" \/>\n<meta property=\"og:description\" content=\"or\" \/>\n<meta property=\"og:url\" content=\"https:\/\/dev.afscanada.org\/en\/volunteer\/volunteer-inquiry-form\/\" \/>\n<meta property=\"og:site_name\" content=\"AFS Canada\" \/>\n<meta property=\"article:modified_time\" content=\"2016-10-02T22:05:15+00:00\" \/>\n<meta name=\"twitter:card\" content=\"summary_large_image\" \/>\n<script type=\"application\/ld+json\" class=\"yoast-schema-graph\">{\"@context\":\"https:\/\/schema.org\",\"@graph\":[{\"@type\":\"WebPage\",\"@id\":\"https:\/\/dev.afscanada.org\/en\/volunteer\/volunteer-inquiry-form\/\",\"url\":\"https:\/\/dev.afscanada.org\/en\/volunteer\/volunteer-inquiry-form\/\",\"name\":\"Volunteer Inquiry form - AFS Canada\",\"isPartOf\":{\"@id\":\"https:\/\/canada.dev.afssite.afs.org\/en\/#website\"},\"datePublished\":\"2016-09-29T18:57:50+00:00\",\"dateModified\":\"2016-10-02T22:05:15+00:00\",\"breadcrumb\":{\"@id\":\"https:\/\/dev.afscanada.org\/en\/volunteer\/volunteer-inquiry-form\/#breadcrumb\"},\"inLanguage\":\"en-US\",\"potentialAction\":[{\"@type\":\"ReadAction\",\"target\":[\"https:\/\/dev.afscanada.org\/en\/volunteer\/volunteer-inquiry-form\/\"]}]},{\"@type\":\"BreadcrumbList\",\"@id\":\"https:\/\/dev.afscanada.org\/en\/volunteer\/volunteer-inquiry-form\/#breadcrumb\",\"itemListElement\":[{\"@type\":\"ListItem\",\"position\":1,\"name\":\"Home\",\"item\":\"https:\/\/dev.afscanada.org\/en\/\"},{\"@type\":\"ListItem\",\"position\":2,\"name\":\"Volunteer to create change\",\"item\":\"https:\/\/dev.afscanada.org\/en\/volunteer\/\"},{\"@type\":\"ListItem\",\"position\":3,\"name\":\"Volunteer Inquiry form\"}]},{\"@type\":\"WebSite\",\"@id\":\"https:\/\/canada.dev.afssite.afs.org\/en\/#website\",\"url\":\"https:\/\/canada.dev.afssite.afs.org\/en\/\",\"name\":\"AFS Canada\",\"description\":\"AFS International in Canada\",\"potentialAction\":[{\"@type\":\"SearchAction\",\"target\":{\"@type\":\"EntryPoint\",\"urlTemplate\":\"https:\/\/canada.dev.afssite.afs.org\/en\/?s={search_term_string}\"},\"query-input\":{\"@type\":\"PropertyValueSpecification\",\"valueRequired\":true,\"valueName\":\"search_term_string\"}}],\"inLanguage\":\"en-US\"}]}<\/script>\n<!-- \/ Yoast SEO plugin. -->","yoast_head_json":{"title":"Volunteer Inquiry form - AFS Canada","robots":{"index":"noindex","follow":"follow","max-snippet":"max-snippet:-1","max-image-preview":"max-image-preview:large","max-video-preview":"max-video-preview:-1"},"og_locale":"en_US","og_type":"article","og_title":"Volunteer Inquiry form - AFS Canada","og_description":"or","og_url":"https:\/\/dev.afscanada.org\/en\/volunteer\/volunteer-inquiry-form\/","og_site_name":"AFS Canada","article_modified_time":"2016-10-02T22:05:15+00:00","twitter_card":"summary_large_image","schema":{"@context":"https:\/\/schema.org","@graph":[{"@type":"WebPage","@id":"https:\/\/dev.afscanada.org\/en\/volunteer\/volunteer-inquiry-form\/","url":"https:\/\/dev.afscanada.org\/en\/volunteer\/volunteer-inquiry-form\/","name":"Volunteer Inquiry form - AFS Canada","isPartOf":{"@id":"https:\/\/canada.dev.afssite.afs.org\/en\/#website"},"datePublished":"2016-09-29T18:57:50+00:00","dateModified":"2016-10-02T22:05:15+00:00","breadcrumb":{"@id":"https:\/\/dev.afscanada.org\/en\/volunteer\/volunteer-inquiry-form\/#breadcrumb"},"inLanguage":"en-US","potentialAction":[{"@type":"ReadAction","target":["https:\/\/dev.afscanada.org\/en\/volunteer\/volunteer-inquiry-form\/"]}]},{"@type":"BreadcrumbList","@id":"https:\/\/dev.afscanada.org\/en\/volunteer\/volunteer-inquiry-form\/#breadcrumb","itemListElement":[{"@type":"ListItem","position":1,"name":"Home","item":"https:\/\/dev.afscanada.org\/en\/"},{"@type":"ListItem","position":2,"name":"Volunteer to create change","item":"https:\/\/dev.afscanada.org\/en\/volunteer\/"},{"@type":"ListItem","position":3,"name":"Volunteer Inquiry form"}]},{"@type":"WebSite","@id":"https:\/\/canada.dev.afssite.afs.org\/en\/#website","url":"https:\/\/canada.dev.afssite.afs.org\/en\/","name":"AFS Canada","description":"AFS International in Canada","potentialAction":[{"@type":"SearchAction","target":{"@type":"EntryPoint","urlTemplate":"https:\/\/canada.dev.afssite.afs.org\/en\/?s={search_term_string}"},"query-input":{"@type":"PropertyValueSpecification","valueRequired":true,"valueName":"search_term_string"}}],"inLanguage":"en-US"}]}},"_links":{"self":[{"href":"https:\/\/dev.afscanada.org\/en\/wp-json\/wp\/v2\/pages\/1960","targetHints":{"allow":["GET"]}}],"collection":[{"href":"https:\/\/dev.afscanada.org\/en\/wp-json\/wp\/v2\/pages"}],"about":[{"href":"https:\/\/dev.afscanada.org\/en\/wp-json\/wp\/v2\/types\/page"}],"author":[{"embeddable":true,"href":"https:\/\/dev.afscanada.org\/en\/wp-json\/wp\/v2\/users\/13"}],"replies":[{"embeddable":true,"href":"https:\/\/dev.afscanada.org\/en\/wp-json\/wp\/v2\/comments?post=1960"}],"version-history":[{"count":5,"href":"https:\/\/dev.afscanada.org\/en\/wp-json\/wp\/v2\/pages\/1960\/revisions"}],"predecessor-version":[{"id":2433,"href":"https:\/\/dev.afscanada.org\/en\/wp-json\/wp\/v2\/pages\/1960\/revisions\/2433"}],"up":[{"embeddable":true,"href":"https:\/\/dev.afscanada.org\/en\/wp-json\/wp\/v2\/pages\/187"}],"wp:attachment":[{"href":"https:\/\/dev.afscanada.org\/en\/wp-json\/wp\/v2\/media?parent=1960"}],"curies":[{"name":"wp","href":"https:\/\/api.w.org\/{rel}","templated":true}]}}